{"id":395,"date":"2021-10-06T10:15:54","date_gmt":"2021-10-06T08:15:54","guid":{"rendered":"https:\/\/lecxit.cat\/families-lectores\/?page_id=395"},"modified":"2022-10-11T15:53:26","modified_gmt":"2022-10-11T13:53:26","slug":"inspirat","status":"publish","type":"page","link":"https:\/\/lecxit.cat\/families-lectores\/inspirat\/","title":{"rendered":"Inspira&#8217;t"},"content":{"rendered":"\n<div class=\"wp-block-group sessio-header is-layout-flow wp-block-group-is-layout-flow\"><div class=\"wp-block-group__inner-container\">\n<h2 data-splitting=\"\">Recursos per a ments curioses<\/h2>\n\n\n\n<p>Aqu\u00ed trobar\u00e0s materials de suport per continuar promovent fam\u00edlies aliades de la lectura. Dona-hi un cop d\u2019ull!<\/p>\n<\/div><\/div>\n","protected":false},"excerpt":{"rendered":"<p>Recursos per a ments curioses Aqu\u00ed trobar\u00e0s materials de suport per continuar promovent fam\u00edlies aliades de la lectura. Dona-hi un cop d\u2019ull!<\/p>\n","protected":false},"author":1,"featured_media":0,"parent":0,"menu_order":0,"comment_status":"closed","ping_status":"closed","template":"template-page-material.php","meta":{"_monsterinsights_skip_tracking":false,"_monsterinsights_sitenote_active":false,"_monsterinsights_sitenote_note":"","_monsterinsights_sitenote_category":0,"footnotes":""},"acf":[],"yoast_head":"<!-- This site is optimized with the Yoast SEO plugin v21.7 - https:\/\/yoast.com\/wordpress\/plugins\/seo\/ -->\n<title>Inspira&#039;t - Fam\u00edlies aliades de la lectura<\/title>\n<meta name=\"robots\" content=\"noindex, follow\" \/>\n<meta property=\"og:locale\" content=\"ca_ES\" \/>\n<meta property=\"og:type\" content=\"article\" \/>\n<meta property=\"og:title\" content=\"Inspira&#039;t - Fam\u00edlies aliades de la lectura\" \/>\n<meta property=\"og:description\" content=\"Recursos per a ments curioses Aqu\u00ed trobar\u00e0s materials de suport per continuar promovent fam\u00edlies aliades de la lectura. Dona-hi un cop d\u2019ull!\" \/>\n<meta property=\"og:url\" content=\"https:\/\/lecxit.cat\/families-lectores\/inspirat\/\" \/>\n<meta property=\"og:site_name\" content=\"Fam\u00edlies aliades de la lectura\" \/>\n<meta property=\"article:modified_time\" content=\"2022-10-11T13:53:26+00:00\" \/>\n<meta property=\"og:image\" content=\"https:\/\/lecxit.cat\/families-lectores\/wp-content\/uploads\/2021\/10\/sharer.png\" \/>\n\t<meta property=\"og:image:width\" content=\"1200\" \/>\n\t<meta property=\"og:image:height\" content=\"628\" \/>\n\t<meta property=\"og:image:type\" content=\"image\/png\" \/>\n<meta name=\"twitter:card\" content=\"summary_large_image\" \/>\n<meta name=\"twitter:label1\" content=\"Temps estimat de lectura\" \/>\n\t<meta name=\"twitter:data1\" content=\"1 minut\" \/>\n<script type=\"application\/ld+json\" class=\"yoast-schema-graph\">{\"@context\":\"https:\/\/schema.org\",\"@graph\":[{\"@type\":\"WebPage\",\"@id\":\"https:\/\/lecxit.cat\/families-lectores\/inspirat\/\",\"url\":\"https:\/\/lecxit.cat\/families-lectores\/inspirat\/\",\"name\":\"Inspira't - Fam\u00edlies aliades de la lectura\",\"isPartOf\":{\"@id\":\"https:\/\/lecxit.cat\/families-lectores\/#website\"},\"datePublished\":\"2021-10-06T08:15:54+00:00\",\"dateModified\":\"2022-10-11T13:53:26+00:00\",\"breadcrumb\":{\"@id\":\"https:\/\/lecxit.cat\/families-lectores\/inspirat\/#breadcrumb\"},\"inLanguage\":\"ca\",\"potentialAction\":[{\"@type\":\"ReadAction\",\"target\":[\"https:\/\/lecxit.cat\/families-lectores\/inspirat\/\"]}]},{\"@type\":\"BreadcrumbList\",\"@id\":\"https:\/\/lecxit.cat\/families-lectores\/inspirat\/#breadcrumb\",\"itemListElement\":[{\"@type\":\"ListItem\",\"position\":1,\"name\":\"Inici\",\"item\":\"https:\/\/lecxit.cat\/families-lectores\/\"},{\"@type\":\"ListItem\",\"position\":2,\"name\":\"Inspira&#8217;t\"}]},{\"@type\":\"WebSite\",\"@id\":\"https:\/\/lecxit.cat\/families-lectores\/#website\",\"url\":\"https:\/\/lecxit.cat\/families-lectores\/\",\"name\":\"Fam\u00edlies aliades de la lectura\",\"description\":\"Fam\u00edlies aliades de la lectura\",\"publisher\":{\"@id\":\"https:\/\/lecxit.cat\/families-lectores\/#organization\"},\"potentialAction\":[{\"@type\":\"SearchAction\",\"target\":{\"@type\":\"EntryPoint\",\"urlTemplate\":\"https:\/\/lecxit.cat\/families-lectores\/?s={search_term_string}\"},\"query-input\":\"required name=search_term_string\"}],\"inLanguage\":\"ca\"},{\"@type\":\"Organization\",\"@id\":\"https:\/\/lecxit.cat\/families-lectores\/#organization\",\"name\":\"Fam\u00edlies aliades de la lectura\",\"url\":\"https:\/\/lecxit.cat\/families-lectores\/\",\"logo\":{\"@type\":\"ImageObject\",\"inLanguage\":\"ca\",\"@id\":\"https:\/\/lecxit.cat\/families-lectores\/#\/schema\/logo\/image\/\",\"url\":\"https:\/\/lecxit.cat\/families-lectores\/wp-content\/uploads\/2021\/10\/sharer.png\",\"contentUrl\":\"https:\/\/lecxit.cat\/families-lectores\/wp-content\/uploads\/2021\/10\/sharer.png\",\"width\":1200,\"height\":628,\"caption\":\"Fam\u00edlies aliades de la lectura\"},\"image\":{\"@id\":\"https:\/\/lecxit.cat\/families-lectores\/#\/schema\/logo\/image\/\"}}]}<\/script>\n<!-- \/ Yoast SEO plugin. -->","yoast_head_json":{"title":"Inspira't - Fam\u00edlies aliades de la lectura","robots":{"index":"noindex","follow":"follow"},"og_locale":"ca_ES","og_type":"article","og_title":"Inspira't - Fam\u00edlies aliades de la lectura","og_description":"Recursos per a ments curioses Aqu\u00ed trobar\u00e0s materials de suport per continuar promovent fam\u00edlies aliades de la lectura. Dona-hi un cop d\u2019ull!","og_url":"https:\/\/lecxit.cat\/families-lectores\/inspirat\/","og_site_name":"Fam\u00edlies aliades de la lectura","article_modified_time":"2022-10-11T13:53:26+00:00","og_image":[{"width":1200,"height":628,"url":"https:\/\/lecxit.cat\/families-lectores\/wp-content\/uploads\/2021\/10\/sharer.png","type":"image\/png"}],"twitter_card":"summary_large_image","twitter_misc":{"Temps estimat de lectura":"1 minut"},"schema":{"@context":"https:\/\/schema.org","@graph":[{"@type":"WebPage","@id":"https:\/\/lecxit.cat\/families-lectores\/inspirat\/","url":"https:\/\/lecxit.cat\/families-lectores\/inspirat\/","name":"Inspira't - Fam\u00edlies aliades de la lectura","isPartOf":{"@id":"https:\/\/lecxit.cat\/families-lectores\/#website"},"datePublished":"2021-10-06T08:15:54+00:00","dateModified":"2022-10-11T13:53:26+00:00","breadcrumb":{"@id":"https:\/\/lecxit.cat\/families-lectores\/inspirat\/#breadcrumb"},"inLanguage":"ca","potentialAction":[{"@type":"ReadAction","target":["https:\/\/lecxit.cat\/families-lectores\/inspirat\/"]}]},{"@type":"BreadcrumbList","@id":"https:\/\/lecxit.cat\/families-lectores\/inspirat\/#breadcrumb","itemListElement":[{"@type":"ListItem","position":1,"name":"Inici","item":"https:\/\/lecxit.cat\/families-lectores\/"},{"@type":"ListItem","position":2,"name":"Inspira&#8217;t"}]},{"@type":"WebSite","@id":"https:\/\/lecxit.cat\/families-lectores\/#website","url":"https:\/\/lecxit.cat\/families-lectores\/","name":"Fam\u00edlies aliades de la lectura","description":"Fam\u00edlies aliades de la lectura","publisher":{"@id":"https:\/\/lecxit.cat\/families-lectores\/#organization"},"potentialAction":[{"@type":"SearchAction","target":{"@type":"EntryPoint","urlTemplate":"https:\/\/lecxit.cat\/families-lectores\/?s={search_term_string}"},"query-input":"required name=search_term_string"}],"inLanguage":"ca"},{"@type":"Organization","@id":"https:\/\/lecxit.cat\/families-lectores\/#organization","name":"Fam\u00edlies aliades de la lectura","url":"https:\/\/lecxit.cat\/families-lectores\/","logo":{"@type":"ImageObject","inLanguage":"ca","@id":"https:\/\/lecxit.cat\/families-lectores\/#\/schema\/logo\/image\/","url":"https:\/\/lecxit.cat\/families-lectores\/wp-content\/uploads\/2021\/10\/sharer.png","contentUrl":"https:\/\/lecxit.cat\/families-lectores\/wp-content\/uploads\/2021\/10\/sharer.png","width":1200,"height":628,"caption":"Fam\u00edlies aliades de la lectura"},"image":{"@id":"https:\/\/lecxit.cat\/families-lectores\/#\/schema\/logo\/image\/"}}]}},"_links":{"self":[{"href":"https:\/\/lecxit.cat\/families-lectores\/wp-json\/wp\/v2\/pages\/395"}],"collection":[{"href":"https:\/\/lecxit.cat\/families-lectores\/wp-json\/wp\/v2\/pages"}],"about":[{"href":"https:\/\/lecxit.cat\/families-lectores\/wp-json\/wp\/v2\/types\/page"}],"author":[{"embeddable":true,"href":"https:\/\/lecxit.cat\/families-lectores\/wp-json\/wp\/v2\/users\/1"}],"replies":[{"embeddable":true,"href":"https:\/\/lecxit.cat\/families-lectores\/wp-json\/wp\/v2\/comments?post=395"}],"version-history":[{"count":10,"href":"https:\/\/lecxit.cat\/families-lectores\/wp-json\/wp\/v2\/pages\/395\/revisions"}],"predecessor-version":[{"id":959,"href":"https:\/\/lecxit.cat\/families-lectores\/wp-json\/wp\/v2\/pages\/395\/revisions\/959"}],"wp:attachment":[{"href":"https:\/\/lecxit.cat\/families-lectores\/wp-json\/wp\/v2\/media?parent=395"}],"curies":[{"name":"wp","href":"https:\/\/api.w.org\/{rel}","templated":true}]}}