{"id":15,"date":"2021-07-16T12:22:33","date_gmt":"2021-07-16T10:22:33","guid":{"rendered":"http:\/\/localhost\/families-lectores\/?page_id=15"},"modified":"2022-10-18T00:08:23","modified_gmt":"2022-10-17T22:08:23","slug":"les-families-aliades-de-la-lectura","status":"publish","type":"page","link":"https:\/\/lecxit.cat\/families-lectores\/les-families-aliades-de-la-lectura\/","title":{"rendered":"Quin \u00e9s el repte?"},"content":{"rendered":"\n<div class=\"wp-block-group video-container is-layout-flow wp-block-group-is-layout-flow\"><div class=\"wp-block-group__inner-container\">\n<div class=\"wp-block-group max-width is-layout-flow wp-block-group-is-layout-flow\"><div class=\"wp-block-group__inner-container\">\n<figure id=\"video-home\" class=\"wp-block-video video-auto\"><video autoplay controls preload=\"auto\" src=\"https:\/\/lecxit.cat\/families-lectores\/wp-content\/uploads\/2022\/06\/Families-Aliades-Lectura-2022-v2.mp4\" playsinline><\/video><\/figure>\n\n\n\n<figure class=\"wp-block-image size-full thumb\"><img loading=\"lazy\" decoding=\"async\" width=\"157\" height=\"158\" src=\"https:\/\/lecxit.cat\/families-lectores\/wp-content\/uploads\/2022\/06\/thumb-marta.png\" alt=\"\" class=\"wp-image-866\" srcset=\"https:\/\/lecxit.cat\/families-lectores\/wp-content\/uploads\/2022\/06\/thumb-marta.png 157w, https:\/\/lecxit.cat\/families-lectores\/wp-content\/uploads\/2022\/06\/thumb-marta-150x150.png 150w\" sizes=\"(max-width: 157px) 100vw, 157px\" \/><\/figure>\n\n\n\n<div class=\"wp-block-buttons is-layout-flex wp-block-buttons-is-layout-flex\">\n<div class=\"wp-block-button\" id=\"play-btn\"><a class=\"wp-block-button__link\">Veure&nbsp;v\u00eddeo<\/a><\/div>\n<\/div>\n<\/div><\/div>\n<\/div><\/div>\n\n\n\n<div class=\"wp-block-group contingut is-layout-flow wp-block-group-is-layout-flow\"><div class=\"wp-block-group__inner-container\">\n<h1 data-splitting=\"\">Activar les fam\u00edlies com agents clau en l\u2019aprenentatge lector dels seus fills i filles<\/h1>\n\n\n\n<div class=\"wp-block-group icon-text is-layout-flow wp-block-group-is-layout-flow\"><div class=\"wp-block-group__inner-container\">\n<figure class=\"wp-block-video\"><video autoplay loop muted src=\"https:\/\/lecxit.cat\/families-lectores\/wp-content\/uploads\/2021\/09\/06_ma-llibre-2.mp4\" playsinline><\/video><\/figure>\n\n\n\n<div class=\"wp-block-group contingut is-layout-flow wp-block-group-is-layout-flow\"><div class=\"wp-block-group__inner-container\">\n<h3 class=\"wp-block-heading\">Un bon desenvolupament de la comprensi\u00f3 lectora a prim\u00e0ria \u00e9s un dels principals factors preventius del frac\u00e0s escolar<\/h3>\n<\/div><\/div>\n<\/div><\/div>\n\n\n\n<p>A Catalunya<strong> 1 de cada 4 infants t\u00e9 un baix nivell lector quan finalitza l\u2019educaci\u00f3 prim\u00e0ria<\/strong>: tot i que a l\u2019escola s\u2019ensenya b\u00e9 a llegir, <strong>la comprensi\u00f3 lectora dep\u00e8n en gran mesura del clima lector i de l\u2019acompanyament familiar que rebi l\u2019infant de de casa<\/strong> (llegir contes en fam\u00edlia, cantar can\u00e7ons, explicar hist\u00f2ries, fer jocs de paraules\u2026).<\/p>\n\n\n\n<p><strong>Un baix nivell de comprensi\u00f3 lectora condueix a un baix rendiment acad\u00e8mic <\/strong>en moltes mat\u00e8ries com, per exemple, no entendre un enunciat de problemes matem\u00e0tics, no saber fer un resum d\u2019un tema de medi o b\u00e9 argumentar una opini\u00f3 respecte a la idea principal d\u2019un text literari. La <strong>recerca<\/strong><em> <\/em>ens indica que l\u2019alumnat que pertany a fam\u00edlies amb pocs recursos econ\u00f2mics, socials i culturals, presenta un menor nivell de compet\u00e8ncia lectora d\u2019entre <strong>mig curs i un curs acad\u00e8mic menys del que li correspondria<\/strong>.<\/p>\n\n\n\n<div class=\"wp-block-group icon-text right is-layout-flow wp-block-group-is-layout-flow\"><div class=\"wp-block-group__inner-container\">\n<figure class=\"wp-block-video\"><video autoplay loop muted src=\"https:\/\/lecxit.cat\/families-lectores\/wp-content\/uploads\/2021\/09\/09_megafon.mp4\" playsinline><\/video><\/figure>\n\n\n\n<div class=\"wp-block-group contingut is-layout-flow wp-block-group-is-layout-flow\"><div class=\"wp-block-group__inner-container\">\n<h3 class=\"wp-block-heading\"><em>Les fam\u00edlies, aliades de la lectura<\/em> \u00e9s una crida perqu\u00e8 escoles, biblioteques i entitats socials liderin accions que incrementin el potencial de les fam\u00edlies en la promoci\u00f3 de la lectura!<\/h3>\n<\/div><\/div>\n<\/div><\/div>\n\n\n\n<p>Els est\u00edmuls de lectura que ofereix l\u2019entorn familiar, els h\u00e0bits lectors de pares i mares i la pres\u00e8ncia de llibres a casa s\u00f3n factors determinants per desenvolupar la comprensi\u00f3 lectora dels infants.<\/p>\n\n\n\n<p><strong>Totes les fam\u00edlies s\u00f3n capaces d\u2019acompanyar positivament l\u2019aprenentatge de la lectura des de casa<\/strong>, per\u00f2 no totes disposen del suport i les orientacions necess\u00e0ries per a fer-ho possible.&nbsp;<\/p>\n\n\n\n<p>Des del<strong>&nbsp;<\/strong><a href=\"https:\/\/lecxit.cat\/\" target=\"_blank\" rel=\"noreferrer noopener\"><strong>programa LECXIT<\/strong><\/a> <strong>cridem a escoles, biblioteques i entitats socials a refor\u00e7ar la compet\u00e8ncia lectora i el gaudi per la lectura des de l\u2019entorn familiar<\/strong>. Per a fer-ho posem a l\u2019abast dels agents que treballen amb les fam\u00edlies un <strong>model per millorar les capacitats parentals en la promoci\u00f3 lectora, per tal que les fam\u00edlies es converteixin en les millors aliades de la lectura per als seus fills i filles.<\/strong><\/p>\n\n\n\n<p>Us sumeu al repte?<\/p>\n<\/div><\/div>\n\n\n\n<div class=\"wp-block-group flex-row is-layout-flow wp-block-group-is-layout-flow\"><div class=\"wp-block-group__inner-container\">\n<div class=\"link-to\"><a href=\"https:\/\/lecxit.cat\/families-lectores\/proposta\">Explora la nostra proposta<\/a><\/div>\n\n\n\n<div class=\"link-to\"><a href=\"https:\/\/lecxit.cat\/families-lectores\/proposta#formulari\">Involucra&#8217;t i promou fam\u00edlies lectores<\/a><\/div>\n<\/div><\/div>\n","protected":false},"excerpt":{"rendered":"<p>Activar les fam\u00edlies com agents clau en l\u2019aprenentatge lector dels seus fills i filles Un bon desenvolupament de la comprensi\u00f3 lectora a prim\u00e0ria \u00e9s un dels principals factors preventius del frac\u00e0s escolar A Catalunya 1 de cada 4 infants t\u00e9 un baix nivell lector quan finalitza l\u2019educaci\u00f3 prim\u00e0ria: tot i que a l\u2019escola s\u2019ensenya b\u00e9 [&hellip;]<\/p>\n","protected":false},"author":1,"featured_media":0,"parent":0,"menu_order":0,"comment_status":"closed","ping_status":"closed","template":"","meta":{"_monsterinsights_skip_tracking":false,"_monsterinsights_sitenote_active":false,"_monsterinsights_sitenote_note":"","_monsterinsights_sitenote_category":0,"footnotes":""},"acf":[],"yoast_head":"<!-- This site is optimized with the Yoast SEO plugin v21.7 - https:\/\/yoast.com\/wordpress\/plugins\/seo\/ -->\n<title>Quin \u00e9s el repte? - Fam\u00edlies aliades de la lectura<\/title>\n<meta name=\"description\" content=\"La crida Les fam\u00edlies, aliades de la lectura vol promoure propostes i orientacions per encoratjar les fam\u00edlies en la promoci\u00f3 de la lectura dels seus fills i filles, i animar-les a mantenir-se involucrades en la seva experi\u00e8ncia educativa.\" \/>\n<meta name=\"robots\" content=\"noindex, follow\" \/>\n<meta property=\"og:locale\" content=\"ca_ES\" \/>\n<meta property=\"og:type\" content=\"article\" \/>\n<meta property=\"og:title\" content=\"Les fam\u00edlies, aliades de la lectura\" \/>\n<meta property=\"og:description\" content=\"La crida Les fam\u00edlies, aliades de la lectura vol promoure propostes i orientacions per encoratjar les fam\u00edlies en la promoci\u00f3 de la lectura dels seus fills i filles, i animar-les a mantenir-se involucrades en la seva experi\u00e8ncia educativa.\" \/>\n<meta property=\"og:url\" content=\"https:\/\/lecxit.cat\/families-lectores\/les-families-aliades-de-la-lectura\/\" \/>\n<meta property=\"og:site_name\" content=\"Fam\u00edlies aliades de la lectura\" \/>\n<meta property=\"article:modified_time\" content=\"2022-10-17T22:08:23+00:00\" \/>\n<meta property=\"og:image\" content=\"https:\/\/lecxit.cat\/families-lectores\/wp-content\/uploads\/2021\/10\/sharer.png\" \/>\n\t<meta property=\"og:image:width\" content=\"1200\" \/>\n\t<meta property=\"og:image:height\" content=\"628\" \/>\n\t<meta property=\"og:image:type\" content=\"image\/png\" \/>\n<meta name=\"twitter:card\" content=\"summary_large_image\" \/>\n<meta name=\"twitter:title\" content=\"Les fam\u00edlies, aliades de la lectura\" \/>\n<meta name=\"twitter:description\" content=\"La crida Les fam\u00edlies, aliades de la lectura vol promoure propostes i orientacions per encoratjar les fam\u00edlies en la promoci\u00f3 de la lectura dels seus fills i filles, i animar-les a mantenir-se involucrades en la seva experi\u00e8ncia educativa.\" \/>\n<meta name=\"twitter:image\" content=\"https:\/\/lecxit.cat\/families-lectores\/wp-content\/uploads\/2021\/10\/sharer.png\" \/>\n<meta name=\"twitter:label1\" content=\"Temps estimat de lectura\" \/>\n\t<meta name=\"twitter:data1\" content=\"2 minuts\" \/>\n<script type=\"application\/ld+json\" class=\"yoast-schema-graph\">{\"@context\":\"https:\/\/schema.org\",\"@graph\":[{\"@type\":\"WebPage\",\"@id\":\"https:\/\/lecxit.cat\/families-lectores\/les-families-aliades-de-la-lectura\/\",\"url\":\"https:\/\/lecxit.cat\/families-lectores\/les-families-aliades-de-la-lectura\/\",\"name\":\"Quin \u00e9s el repte? - Fam\u00edlies aliades de la lectura\",\"isPartOf\":{\"@id\":\"https:\/\/lecxit.cat\/families-lectores\/#website\"},\"datePublished\":\"2021-07-16T10:22:33+00:00\",\"dateModified\":\"2022-10-17T22:08:23+00:00\",\"description\":\"La crida Les fam\u00edlies, aliades de la lectura vol promoure propostes i orientacions per encoratjar les fam\u00edlies en la promoci\u00f3 de la lectura dels seus fills i filles, i animar-les a mantenir-se involucrades en la seva experi\u00e8ncia educativa.\",\"breadcrumb\":{\"@id\":\"https:\/\/lecxit.cat\/families-lectores\/les-families-aliades-de-la-lectura\/#breadcrumb\"},\"inLanguage\":\"ca\",\"potentialAction\":[{\"@type\":\"ReadAction\",\"target\":[\"https:\/\/lecxit.cat\/families-lectores\/les-families-aliades-de-la-lectura\/\"]}]},{\"@type\":\"BreadcrumbList\",\"@id\":\"https:\/\/lecxit.cat\/families-lectores\/les-families-aliades-de-la-lectura\/#breadcrumb\",\"itemListElement\":[{\"@type\":\"ListItem\",\"position\":1,\"name\":\"Inici\",\"item\":\"https:\/\/lecxit.cat\/families-lectores\/\"},{\"@type\":\"ListItem\",\"position\":2,\"name\":\"Quin \u00e9s el repte?\"}]},{\"@type\":\"WebSite\",\"@id\":\"https:\/\/lecxit.cat\/families-lectores\/#website\",\"url\":\"https:\/\/lecxit.cat\/families-lectores\/\",\"name\":\"Fam\u00edlies aliades de la lectura\",\"description\":\"Fam\u00edlies aliades de la lectura\",\"publisher\":{\"@id\":\"https:\/\/lecxit.cat\/families-lectores\/#organization\"},\"potentialAction\":[{\"@type\":\"SearchAction\",\"target\":{\"@type\":\"EntryPoint\",\"urlTemplate\":\"https:\/\/lecxit.cat\/families-lectores\/?s={search_term_string}\"},\"query-input\":\"required name=search_term_string\"}],\"inLanguage\":\"ca\"},{\"@type\":\"Organization\",\"@id\":\"https:\/\/lecxit.cat\/families-lectores\/#organization\",\"name\":\"Fam\u00edlies aliades de la lectura\",\"url\":\"https:\/\/lecxit.cat\/families-lectores\/\",\"logo\":{\"@type\":\"ImageObject\",\"inLanguage\":\"ca\",\"@id\":\"https:\/\/lecxit.cat\/families-lectores\/#\/schema\/logo\/image\/\",\"url\":\"https:\/\/lecxit.cat\/families-lectores\/wp-content\/uploads\/2021\/10\/sharer.png\",\"contentUrl\":\"https:\/\/lecxit.cat\/families-lectores\/wp-content\/uploads\/2021\/10\/sharer.png\",\"width\":1200,\"height\":628,\"caption\":\"Fam\u00edlies aliades de la lectura\"},\"image\":{\"@id\":\"https:\/\/lecxit.cat\/families-lectores\/#\/schema\/logo\/image\/\"}}]}<\/script>\n<!-- \/ Yoast SEO plugin. -->","yoast_head_json":{"title":"Quin \u00e9s el repte? - Fam\u00edlies aliades de la lectura","description":"La crida Les fam\u00edlies, aliades de la lectura vol promoure propostes i orientacions per encoratjar les fam\u00edlies en la promoci\u00f3 de la lectura dels seus fills i filles, i animar-les a mantenir-se involucrades en la seva experi\u00e8ncia educativa.","robots":{"index":"noindex","follow":"follow"},"og_locale":"ca_ES","og_type":"article","og_title":"Les fam\u00edlies, aliades de la lectura","og_description":"La crida Les fam\u00edlies, aliades de la lectura vol promoure propostes i orientacions per encoratjar les fam\u00edlies en la promoci\u00f3 de la lectura dels seus fills i filles, i animar-les a mantenir-se involucrades en la seva experi\u00e8ncia educativa.","og_url":"https:\/\/lecxit.cat\/families-lectores\/les-families-aliades-de-la-lectura\/","og_site_name":"Fam\u00edlies aliades de la lectura","article_modified_time":"2022-10-17T22:08:23+00:00","og_image":[{"width":1200,"height":628,"url":"https:\/\/lecxit.cat\/families-lectores\/wp-content\/uploads\/2021\/10\/sharer.png","type":"image\/png"}],"twitter_card":"summary_large_image","twitter_title":"Les fam\u00edlies, aliades de la lectura","twitter_description":"La crida Les fam\u00edlies, aliades de la lectura vol promoure propostes i orientacions per encoratjar les fam\u00edlies en la promoci\u00f3 de la lectura dels seus fills i filles, i animar-les a mantenir-se involucrades en la seva experi\u00e8ncia educativa.","twitter_image":"https:\/\/lecxit.cat\/families-lectores\/wp-content\/uploads\/2021\/10\/sharer.png","twitter_misc":{"Temps estimat de lectura":"2 minuts"},"schema":{"@context":"https:\/\/schema.org","@graph":[{"@type":"WebPage","@id":"https:\/\/lecxit.cat\/families-lectores\/les-families-aliades-de-la-lectura\/","url":"https:\/\/lecxit.cat\/families-lectores\/les-families-aliades-de-la-lectura\/","name":"Quin \u00e9s el repte? - Fam\u00edlies aliades de la lectura","isPartOf":{"@id":"https:\/\/lecxit.cat\/families-lectores\/#website"},"datePublished":"2021-07-16T10:22:33+00:00","dateModified":"2022-10-17T22:08:23+00:00","description":"La crida Les fam\u00edlies, aliades de la lectura vol promoure propostes i orientacions per encoratjar les fam\u00edlies en la promoci\u00f3 de la lectura dels seus fills i filles, i animar-les a mantenir-se involucrades en la seva experi\u00e8ncia educativa.","breadcrumb":{"@id":"https:\/\/lecxit.cat\/families-lectores\/les-families-aliades-de-la-lectura\/#breadcrumb"},"inLanguage":"ca","potentialAction":[{"@type":"ReadAction","target":["https:\/\/lecxit.cat\/families-lectores\/les-families-aliades-de-la-lectura\/"]}]},{"@type":"BreadcrumbList","@id":"https:\/\/lecxit.cat\/families-lectores\/les-families-aliades-de-la-lectura\/#breadcrumb","itemListElement":[{"@type":"ListItem","position":1,"name":"Inici","item":"https:\/\/lecxit.cat\/families-lectores\/"},{"@type":"ListItem","position":2,"name":"Quin \u00e9s el repte?"}]},{"@type":"WebSite","@id":"https:\/\/lecxit.cat\/families-lectores\/#website","url":"https:\/\/lecxit.cat\/families-lectores\/","name":"Fam\u00edlies aliades de la lectura","description":"Fam\u00edlies aliades de la lectura","publisher":{"@id":"https:\/\/lecxit.cat\/families-lectores\/#organization"},"potentialAction":[{"@type":"SearchAction","target":{"@type":"EntryPoint","urlTemplate":"https:\/\/lecxit.cat\/families-lectores\/?s={search_term_string}"},"query-input":"required name=search_term_string"}],"inLanguage":"ca"},{"@type":"Organization","@id":"https:\/\/lecxit.cat\/families-lectores\/#organization","name":"Fam\u00edlies aliades de la lectura","url":"https:\/\/lecxit.cat\/families-lectores\/","logo":{"@type":"ImageObject","inLanguage":"ca","@id":"https:\/\/lecxit.cat\/families-lectores\/#\/schema\/logo\/image\/","url":"https:\/\/lecxit.cat\/families-lectores\/wp-content\/uploads\/2021\/10\/sharer.png","contentUrl":"https:\/\/lecxit.cat\/families-lectores\/wp-content\/uploads\/2021\/10\/sharer.png","width":1200,"height":628,"caption":"Fam\u00edlies aliades de la lectura"},"image":{"@id":"https:\/\/lecxit.cat\/families-lectores\/#\/schema\/logo\/image\/"}}]}},"_links":{"self":[{"href":"https:\/\/lecxit.cat\/families-lectores\/wp-json\/wp\/v2\/pages\/15"}],"collection":[{"href":"https:\/\/lecxit.cat\/families-lectores\/wp-json\/wp\/v2\/pages"}],"about":[{"href":"https:\/\/lecxit.cat\/families-lectores\/wp-json\/wp\/v2\/types\/page"}],"author":[{"embeddable":true,"href":"https:\/\/lecxit.cat\/families-lectores\/wp-json\/wp\/v2\/users\/1"}],"replies":[{"embeddable":true,"href":"https:\/\/lecxit.cat\/families-lectores\/wp-json\/wp\/v2\/comments?post=15"}],"version-history":[{"count":72,"href":"https:\/\/lecxit.cat\/families-lectores\/wp-json\/wp\/v2\/pages\/15\/revisions"}],"predecessor-version":[{"id":941,"href":"https:\/\/lecxit.cat\/families-lectores\/wp-json\/wp\/v2\/pages\/15\/revisions\/941"}],"wp:attachment":[{"href":"https:\/\/lecxit.cat\/families-lectores\/wp-json\/wp\/v2\/media?parent=15"}],"curies":[{"name":"wp","href":"https:\/\/api.w.org\/{rel}","templated":true}]}}